{"id":8,"date":"2018-11-27T09:17:56","date_gmt":"2018-11-27T09:17:56","guid":{"rendered":"https:\/\/mimplayandexplore.com\/contact\/"},"modified":"2023-09-14T15:05:37","modified_gmt":"2023-09-14T15:05:37","slug":"contact","status":"publish","type":"page","link":"https:\/\/mimplayandexplore.com\/en\/contact\/","title":{"rendered":"Contact"},"content":{"rendered":"\t\t<div data-elementor-type=\"wp-post\" data-elementor-id=\"8\" class=\"elementor elementor-8\">\n\t\t\t\t\t\t<section class=\"elementor-section elementor-top-section elementor-element elementor-element-7d9d587 elementor-section-full_width elementor-section-height-default elementor-section-height-default\" data-id=\"7d9d587\" data-element_type=\"section\" data-e-type=\"section\" data-settings=\"{&quot;background_background&quot;:&quot;classic&quot;}\">\n\t\t\t\t\t\t<div class=\"elementor-container elementor-column-gap-default\">\n\t\t\t\t\t<div class=\"elementor-column elementor-col-50 elementor-top-column elementor-element elementor-element-bd84441\" data-id=\"bd84441\" data-element_type=\"column\" data-e-type=\"column\">\n\t\t\t<div class=\"elementor-widget-wrap elementor-element-populated\">\n\t\t\t\t\t\t<div class=\"elementor-element elementor-element-e416086 elementor-widget elementor-widget-image\" data-id=\"e416086\" data-element_type=\"widget\" data-e-type=\"widget\" data-widget_type=\"image.default\">\n\t\t\t\t<div class=\"elementor-widget-container\">\n\t\t\t\t\t\t\t\t\t\t\t\t\t\t\t<img decoding=\"async\" data-attachment-id=\"5005\" data-permalink=\"https:\/\/mimplayandexplore.com\/en\/contact\/logotype-mim-dore\/\" data-orig-file=\"https:\/\/i0.wp.com\/mimplayandexplore.com\/wp-content\/uploads\/2023\/08\/Logotype-MIM-Dore.png?fit=4771%2C2481&amp;ssl=1\" data-orig-size=\"4771,2481\" data-comments-opened=\"1\" data-image-meta=\"{&quot;aperture&quot;:&quot;0&quot;,&quot;credit&quot;:&quot;&quot;,&quot;camera&quot;:&quot;&quot;,&quot;caption&quot;:&quot;&quot;,&quot;created_timestamp&quot;:&quot;0&quot;,&quot;copyright&quot;:&quot;&quot;,&quot;focal_length&quot;:&quot;0&quot;,&quot;iso&quot;:&quot;0&quot;,&quot;shutter_speed&quot;:&quot;0&quot;,&quot;title&quot;:&quot;&quot;,&quot;orientation&quot;:&quot;0&quot;}\" data-image-title=\"Logotype MIM-Dor\u00e9\" data-image-description=\"\" data-image-caption=\"\" data-large-file=\"https:\/\/i0.wp.com\/mimplayandexplore.com\/wp-content\/uploads\/2023\/08\/Logotype-MIM-Dore.png?fit=1024%2C532&amp;ssl=1\" width=\"300\" height=\"156\" src=\"https:\/\/i0.wp.com\/mimplayandexplore.com\/wp-content\/uploads\/2023\/08\/Logotype-MIM-Dore.png?fit=300%2C156&amp;ssl=1\" class=\"attachment-medium size-medium wp-image-5005\" alt=\"\" srcset=\"https:\/\/i0.wp.com\/mimplayandexplore.com\/wp-content\/uploads\/2023\/08\/Logotype-MIM-Dore.png?w=4771&amp;ssl=1 4771w, https:\/\/i0.wp.com\/mimplayandexplore.com\/wp-content\/uploads\/2023\/08\/Logotype-MIM-Dore.png?resize=300%2C156&amp;ssl=1 300w, https:\/\/i0.wp.com\/mimplayandexplore.com\/wp-content\/uploads\/2023\/08\/Logotype-MIM-Dore.png?resize=1024%2C532&amp;ssl=1 1024w, https:\/\/i0.wp.com\/mimplayandexplore.com\/wp-content\/uploads\/2023\/08\/Logotype-MIM-Dore.png?resize=768%2C399&amp;ssl=1 768w, https:\/\/i0.wp.com\/mimplayandexplore.com\/wp-content\/uploads\/2023\/08\/Logotype-MIM-Dore.png?resize=1536%2C799&amp;ssl=1 1536w, https:\/\/i0.wp.com\/mimplayandexplore.com\/wp-content\/uploads\/2023\/08\/Logotype-MIM-Dore.png?resize=2048%2C1065&amp;ssl=1 2048w, https:\/\/i0.wp.com\/mimplayandexplore.com\/wp-content\/uploads\/2023\/08\/Logotype-MIM-Dore.png?resize=18%2C9&amp;ssl=1 18w, https:\/\/i0.wp.com\/mimplayandexplore.com\/wp-content\/uploads\/2023\/08\/Logotype-MIM-Dore.png?w=2400&amp;ssl=1 2400w, https:\/\/i0.wp.com\/mimplayandexplore.com\/wp-content\/uploads\/2023\/08\/Logotype-MIM-Dore.png?w=3600&amp;ssl=1 3600w\" sizes=\"(max-width: 300px) 100vw, 300px\" data-attachment-id=\"5005\" data-permalink=\"https:\/\/mimplayandexplore.com\/contact\/logotype-mim-dore\/\" data-orig-file=\"https:\/\/i0.wp.com\/mimplayandexplore.com\/wp-content\/uploads\/2023\/08\/Logotype-MIM-Dore.png?fit=4771%2C2481&amp;ssl=1\" data-orig-size=\"4771,2481\" data-comments-opened=\"1\" data-image-meta=\"{&quot;aperture&quot;:&quot;0&quot;,&quot;credit&quot;:&quot;&quot;,&quot;camera&quot;:&quot;&quot;,&quot;caption&quot;:&quot;&quot;,&quot;created_timestamp&quot;:&quot;0&quot;,&quot;copyright&quot;:&quot;&quot;,&quot;focal_length&quot;:&quot;0&quot;,&quot;iso&quot;:&quot;0&quot;,&quot;shutter_speed&quot;:&quot;0&quot;,&quot;title&quot;:&quot;&quot;,&quot;orientation&quot;:&quot;0&quot;}\" data-image-title=\"Logotype MIM-Dor\u00e9\" data-image-description=\"\" data-image-caption=\"\" data-large-file=\"https:\/\/i0.wp.com\/mimplayandexplore.com\/wp-content\/uploads\/2023\/08\/Logotype-MIM-Dore.png?fit=1024%2C532&amp;ssl=1\" \/>\t\t\t\t\t\t\t\t\t\t\t\t\t\t\t<\/div>\n\t\t\t\t<\/div>\n\t\t\t\t\t<\/div>\n\t\t<\/div>\n\t\t\t\t<div class=\"elementor-column elementor-col-50 elementor-top-column elementor-element elementor-element-ce7eaea\" data-id=\"ce7eaea\" data-element_type=\"column\" data-e-type=\"column\">\n\t\t\t<div class=\"elementor-widget-wrap elementor-element-populated\">\n\t\t\t\t\t\t<div class=\"elementor-element elementor-element-c0de93c elementor-widget elementor-widget-heading\" data-id=\"c0de93c\" data-element_type=\"widget\" data-e-type=\"widget\" data-widget_type=\"heading.default\">\n\t\t\t\t<div class=\"elementor-widget-container\">\n\t\t\t\t\t<h2 class=\"elementor-heading-title elementor-size-default\">CONTACTEZ-NOUS <\/h2>\t\t\t\t<\/div>\n\t\t\t\t<\/div>\n\t\t\t\t<div class=\"elementor-element elementor-element-eef3b37 elementor-widget elementor-widget-text-editor\" data-id=\"eef3b37\" data-element_type=\"widget\" data-e-type=\"widget\" data-widget_type=\"text-editor.default\">\n\t\t\t\t<div class=\"elementor-widget-container\">\n\t\t\t\t\t\t\t\t\t<p>La team MIM se fera un plaisir de r\u00e9pondre \u00e0 votre demande et d\u2019\u00e9changer avec vous autour des projets qui vous tiennent \u00e0 c\u0153ur. Co-cr\u00e9ons un accueil familial sur-mesure et parfaitement adapt\u00e9 \u00e0 vos besoins.<\/p>\t\t\t\t\t\t\t\t<\/div>\n\t\t\t\t<\/div>\n\t\t\t\t\t<\/div>\n\t\t<\/div>\n\t\t\t\t\t<\/div>\n\t\t<\/section>\n\t\t\t\t<section class=\"elementor-section elementor-top-section elementor-element elementor-element-8ebb6e5 elementor-section-full_width elementor-section-height-default elementor-section-height-default\" data-id=\"8ebb6e5\" data-element_type=\"section\" data-e-type=\"section\" data-settings=\"{&quot;background_background&quot;:&quot;classic&quot;}\">\n\t\t\t\t\t\t<div class=\"elementor-container elementor-column-gap-default\">\n\t\t\t\t\t<div class=\"elementor-column elementor-col-50 elementor-top-column elementor-element elementor-element-2b45d55\" data-id=\"2b45d55\" data-element_type=\"column\" data-e-type=\"column\">\n\t\t\t<div class=\"elementor-widget-wrap elementor-element-populated\">\n\t\t\t\t\t\t<div class=\"elementor-element elementor-element-95a4e61 elementor-widget elementor-widget-wpforms\" data-id=\"95a4e61\" data-element_type=\"widget\" data-e-type=\"widget\" data-widget_type=\"wpforms.default\">\n\t\t\t\t<div class=\"elementor-widget-container\">\n\t\t\t\t\t\r\n<style type=\"text\/css\">\r\n\r\n\r\n\r\nbody #wpforms-680 {\r\n\t\tmargin:20px ;\r\n\t\t\t}\r\n\r\n\t\r\n\r\n\r\n\r\n\r\n\tbody #wpforms-680 .wpforms-submit-container .wpforms-submit, body #wpforms-680 .wpforms-field-pagebreak button.wpforms-page-button {\r\n\t\ttext-align:center ;background-color:#17421f ;\t\tborder-width: 0px;\t}\r\n\r\n\tbody #wpforms-680 .wpforms-submit-container .wpforms-submit:hover, body #wpforms-680 .wpforms-field-pagebreak button.wpforms-page-button:hover {\r\n\t\t\t}\r\n\r\n\tbody #wpforms-680 .wpforms-submit-container,\r\n\tbody #wpforms-680 .wpforms-field-pagebreak .wpforms-pagebreak-left{\r\n\ttext-align:center;\t}\r\n\r\n\r\n\tbody #wpforms-680 .wpforms-form .wpforms-field input[type=text],\r\n\tbody #wpforms-680 .wpforms-form .wpforms-field input[type=email],\r\n\tbody #wpforms-680 .wpforms-form .wpforms-field input[type=tel],\r\n\tbody #wpforms-680 .wpforms-form .wpforms-field input[type=url],\r\n\tbody #wpforms-680 .wpforms-form .wpforms-field input[type=password],\r\n\tbody #wpforms-680 .wpforms-form .wpforms-field input[type=number]\r\n\t{\r\n\t\tbackground-color:#5e7c62 ;border-radius:25px ;-web-border-radius:25px ;-moz-border-radius:25px ;\t\tborder-width: 1px;\t}\r\n\r\n\tbody #wpforms-680 .wpforms-form .wpforms-field .wpforms-field-row\r\n\t{\r\n\t\t\t}\r\n\r\n\tbody #wpforms-680 .wpforms-form .wpforms-field-layout.wpforms-field input[type=text],\r\n\tbody #wpforms-680 .wpforms-form .wpforms-field-layout.wpforms-field input[type=email],\r\n\tbody #wpforms-680 .wpforms-form .wpforms-field-layout.wpforms-field input[type=tel],\r\n\tbody #wpforms-680 .wpforms-form .wpforms-field-layout.wpforms-field input[type=url],\r\n\tbody #wpforms-680 .wpforms-form .wpforms-field-layout.wpforms-field input[type=password],\r\n\tbody #wpforms-680 .wpforms-form .wpforms-field-layout.wpforms-field input[type=number]{\r\n\t\twidth: 100%;\r\n\t}\r\n\r\n\tbody #wpforms-680 .wpforms-form .wpforms-field .wpforms-field-row input[type=text]{\r\n\t\twidth: 100%;\r\n\t}\r\n\r\n\r\n\r\n\r\n\r\n\tbody #wpforms-680 .wpforms-form .wpforms-field textarea {\r\n\t\tbackground-color:#5e7c62 ;border-radius:25px ;-web-border-radius:25px ;-moz-border-radius:25px ;\t\t\tborder-width: 1px;\t}\r\n\r\n\r\n\r\n \r\n\tbody #wpforms-680 .wpforms-form .wpforms-field label.wpforms-field-label,\r\n\tbody #wpforms-680 .wpforms-form .wpforms-field .wpforms-field-label {\r\n\t\t\t}\r\n\r\n\r\n\/* Styling for Tablets *\/\r\n@media only screen and (max-width: 800px) and (min-width:481px) {\r\n\t\r\n\r\n\r\n\r\n}\r\n\r\n@media only screen and (max-width: 480px){\r\n\t\r\n\r\n\r\n\r\n}\r\n\/*Option to add custom CSS *\/\r\n\r\n\r\n\r\n\t\t<\/style>\r\n\t\t<div class=\"wpforms-container wpforms-render-modern\" id=\"wpforms-680\"><form id=\"wpforms-form-680\" class=\"wpforms-validate wpforms-form\" data-formid=\"680\" method=\"post\" enctype=\"multipart\/form-data\" action=\"\/en\/wp-json\/wp\/v2\/pages\/8\" data-token=\"2f4dd86f16439d8c3b5c639945b3c911\" data-token-time=\"1777713095\"><noscript class=\"wpforms-error-noscript\">Please enable JavaScript in your browser to complete this form.<\/noscript><div id=\"wpforms-error-noscript\" style=\"display: none;\">Please enable JavaScript in your browser to complete this form.<\/div><div class=\"wpforms-field-container\"><div id=\"wpforms-680-field_4-container\" class=\"wpforms-field wpforms-field-name\" data-field-id=\"4\"><label class=\"wpforms-field-label\" for=\"wpforms-680-field_4\">Votre nom <span class=\"wpforms-required-label\" aria-hidden=\"true\">*<\/span><\/label><input type=\"text\" id=\"wpforms-680-field_4\" class=\"wpforms-field-large wpforms-field-required\" name=\"wpforms[fields][4]\" aria-errormessage=\"wpforms-680-field_4-error\" required><\/div><div id=\"wpforms-680-field_1-container\" class=\"wpforms-field wpforms-field-email\" data-field-id=\"1\"><label class=\"wpforms-field-label\" for=\"wpforms-680-field_1\">Votre email <span class=\"wpforms-required-label\" aria-hidden=\"true\">*<\/span><\/label><input type=\"email\" id=\"wpforms-680-field_1\" class=\"wpforms-field-large wpforms-field-required\" name=\"wpforms[fields][1]\" spellcheck=\"false\" aria-errormessage=\"wpforms-680-field_1-error\" required><\/div><div id=\"wpforms-680-field_2-container\" class=\"wpforms-field wpforms-field-textarea\" data-field-id=\"2\"><label class=\"wpforms-field-label\" for=\"wpforms-680-field_2\">Votre demande<\/label><textarea id=\"wpforms-680-field_2\" class=\"wpforms-field-large\" name=\"wpforms[fields][2]\" aria-errormessage=\"wpforms-680-field_2-error\" ><\/textarea><\/div><\/div><!-- .wpforms-field-container --><div class=\"wpforms-submit-container\" ><input type=\"hidden\" name=\"wpforms[id]\" value=\"680\"><input type=\"hidden\" name=\"page_title\" value=\"\"><input type=\"hidden\" name=\"page_url\" value=\"https:\/\/mimplayandexplore.com\/en\/wp-json\/wp\/v2\/pages\/8\"><input type=\"hidden\" name=\"url_referer\" value=\"\"><button type=\"submit\" name=\"wpforms[submit]\" id=\"wpforms-submit-680\" class=\"wpforms-submit\" aria-live=\"assertive\" value=\"wpforms-submit\">Envoyer<\/button><\/div><\/form><\/div>  <!-- .wpforms-container -->\t\t\t\t<\/div>\n\t\t\t\t<\/div>\n\t\t\t\t\t<\/div>\n\t\t<\/div>\n\t\t\t\t<div class=\"elementor-column elementor-col-50 elementor-top-column elementor-element elementor-element-1697197\" data-id=\"1697197\" data-element_type=\"column\" data-e-type=\"column\">\n\t\t\t<div class=\"elementor-widget-wrap elementor-element-populated\">\n\t\t\t\t\t\t<div class=\"elementor-element elementor-element-51ab6da elementor-vertical-align-top elementor-widget elementor-widget-image-box\" data-id=\"51ab6da\" data-element_type=\"widget\" data-e-type=\"widget\" data-widget_type=\"image-box.default\">\n\t\t\t\t<div class=\"elementor-widget-container\">\n\t\t\t\t\t<div class=\"elementor-image-box-wrapper\"><div class=\"elementor-image-box-content\"><h4 class=\"elementor-image-box-title\">Email<\/h4><p class=\"elementor-image-box-description\">info@mummyinthemountains.com<\/p><\/div><\/div>\t\t\t\t<\/div>\n\t\t\t\t<\/div>\n\t\t\t\t<div class=\"elementor-element elementor-element-8f4c668 elementor-widget elementor-widget-heading\" data-id=\"8f4c668\" data-element_type=\"widget\" data-e-type=\"widget\" data-widget_type=\"heading.default\">\n\t\t\t\t<div class=\"elementor-widget-container\">\n\t\t\t\t\t<h5 class=\"elementor-heading-title elementor-size-default\">Adresse<\/h5>\t\t\t\t<\/div>\n\t\t\t\t<\/div>\n\t\t\t\t<div class=\"elementor-element elementor-element-423f41c elementor-widget elementor-widget-text-editor\" data-id=\"423f41c\" data-element_type=\"widget\" data-e-type=\"widget\" data-widget_type=\"text-editor.default\">\n\t\t\t\t<div class=\"elementor-widget-container\">\n\t\t\t\t\t\t\t\t\t<p>Le Transfo<br \/>3 avenue des Harmonies<br \/>74960 Annecy<br \/>France<\/p>\t\t\t\t\t\t\t\t<\/div>\n\t\t\t\t<\/div>\n\t\t\t\t\t<\/div>\n\t\t<\/div>\n\t\t\t\t\t<\/div>\n\t\t<\/section>\n\t\t\t\t<\/div>\n\t\t","protected":false},"excerpt":{"rendered":"<p>CONTACTEZ-NOUS La team MIM se fera un plaisir de r\u00e9pondre \u00e0 votre demande et d\u2019\u00e9changer avec vous autour des projets qui vous tiennent \u00e0 c\u0153ur. Co-cr\u00e9ons un accueil familial sur-mesure et parfaitement adapt\u00e9 \u00e0 vos besoins. Please enable JavaScript in your browser to complete this form.Please enable JavaScript in your browser to complete this form.Votre [&hellip;]<\/p>\n","protected":false},"author":10,"featured_media":0,"parent":0,"menu_order":0,"comment_status":"closed","ping_status":"closed","template":"","meta":{"_coblocks_attr":"","_coblocks_dimensions":"","_coblocks_responsive_height":"","_coblocks_accordion_ie_support":"","_crdt_document":"","site-sidebar-layout":"no-sidebar","site-content-layout":"page-builder","ast-site-content-layout":"","site-content-style":"default","site-sidebar-style":"default","ast-global-header-display":"","ast-banner-title-visibility":"","ast-main-header-display":"","ast-hfb-above-header-display":"","ast-hfb-below-header-display":"","ast-hfb-mobile-header-display":"","site-post-title":"disabled","ast-breadcrumbs-content":"","ast-featured-img":"disabled","footer-sml-layout":"","theme-transparent-header-meta":"enabled","adv-header-id-meta":"","stick-header-meta":"","header-above-stick-meta":"","header-main-stick-meta":"","header-below-stick-meta":"","astra-migrate-meta-layouts":"default","ast-page-background-enabled":"default","ast-page-background-meta":{"desktop":{"background-color":"","background-image":"","background-repeat":"repeat","background-position":"center center","background-size":"auto","background-attachment":"scroll","background-type":"","background-media":"","overlay-type":"","overlay-color":"","overlay-gradient":""},"tablet":{"background-color":"","background-image":"","background-repeat":"repeat","background-position":"center center","background-size":"auto","background-attachment":"scroll","background-type":"","background-media":"","overlay-type":"","overlay-color":"","overlay-gradient":""},"mobile":{"background-color":"","background-image":"","background-repeat":"repeat","background-position":"center center","background-size":"auto","background-attachment":"scroll","background-type":"","background-media":"","overlay-type":"","overlay-color":"","overlay-gradient":""}},"ast-content-background-meta":{"desktop":{"background-color":"var(--ast-global-color-5)","background-image":"","background-repeat":"repeat","background-position":"center center","background-size":"auto","background-attachment":"scroll","background-type":"","background-media":"","overlay-type":"","overlay-color":"","overlay-gradient":""},"tablet":{"background-color":"var(--ast-global-color-5)","background-image":"","background-repeat":"repeat","background-position":"center center","background-size":"auto","background-attachment":"scroll","background-type":"","background-media":"","overlay-type":"","overlay-color":"","overlay-gradient":""},"mobile":{"background-color":"var(--ast-global-color-5)","background-image":"","background-repeat":"repeat","background-position":"center center","background-size":"auto","background-attachment":"scroll","background-type":"","background-media":"","overlay-type":"","overlay-color":"","overlay-gradient":""}},"footnotes":""},"categories":[],"tags":[],"class_list":["post-8","page","type-page","status-publish","hentry"],"yoast_head":"<!-- This site is optimized with the Yoast SEO plugin v27.5 - https:\/\/yoast.com\/product\/yoast-seo-wordpress\/ -->\n<title>Contact - MIM \u2013 Play and Explore<\/title>\n<meta name=\"robots\" content=\"index, follow, max-snippet:-1, max-image-preview:large, max-video-preview:-1\" \/>\n<link rel=\"canonical\" href=\"https:\/\/mimplayandexplore.com\/en\/contact\/\" \/>\n<meta property=\"og:locale\" content=\"en_GB\" \/>\n<meta property=\"og:type\" content=\"article\" \/>\n<meta property=\"og:title\" content=\"Contact - MIM \u2013 Play and Explore\" \/>\n<meta property=\"og:description\" content=\"CONTACTEZ-NOUS La team MIM se fera un plaisir de r\u00e9pondre \u00e0 votre demande et d\u2019\u00e9changer avec vous autour des projets qui vous tiennent \u00e0 c\u0153ur. Co-cr\u00e9ons un accueil familial sur-mesure et parfaitement adapt\u00e9 \u00e0 vos besoins. Please enable JavaScript in your browser to complete this form.Please enable JavaScript in your browser to complete this form.Votre [&hellip;]\" \/>\n<meta property=\"og:url\" content=\"https:\/\/mimplayandexplore.com\/en\/contact\/\" \/>\n<meta property=\"og:site_name\" content=\"MIM \u2013 Play and Explore\" \/>\n<meta property=\"article:modified_time\" content=\"2023-09-14T15:05:37+00:00\" \/>\n<meta property=\"og:image\" content=\"https:\/\/mimplayandexplore.com\/wp-content\/uploads\/2023\/08\/Logotype-MIM-Dore-300x156.png\" \/>\n<meta name=\"twitter:card\" content=\"summary_large_image\" \/>\n<meta name=\"twitter:label1\" content=\"Estimated reading time\" \/>\n\t<meta name=\"twitter:data1\" content=\"1 minute\" \/>\n<script type=\"application\/ld+json\" class=\"yoast-schema-graph\">{\"@context\":\"https:\\\/\\\/schema.org\",\"@graph\":[{\"@type\":\"WebPage\",\"@id\":\"https:\\\/\\\/mimplayandexplore.com\\\/contact\\\/\",\"url\":\"https:\\\/\\\/mimplayandexplore.com\\\/contact\\\/\",\"name\":\"Contact - MIM \u2013 Play and Explore\",\"isPartOf\":{\"@id\":\"https:\\\/\\\/mimplayandexplore.com\\\/#website\"},\"primaryImageOfPage\":{\"@id\":\"https:\\\/\\\/mimplayandexplore.com\\\/contact\\\/#primaryimage\"},\"image\":{\"@id\":\"https:\\\/\\\/mimplayandexplore.com\\\/contact\\\/#primaryimage\"},\"thumbnailUrl\":\"https:\\\/\\\/mimplayandexplore.com\\\/wp-content\\\/uploads\\\/2023\\\/08\\\/Logotype-MIM-Dore-300x156.png\",\"datePublished\":\"2018-11-27T09:17:56+00:00\",\"dateModified\":\"2023-09-14T15:05:37+00:00\",\"breadcrumb\":{\"@id\":\"https:\\\/\\\/mimplayandexplore.com\\\/contact\\\/#breadcrumb\"},\"inLanguage\":\"en-GB\",\"potentialAction\":[{\"@type\":\"ReadAction\",\"target\":[\"https:\\\/\\\/mimplayandexplore.com\\\/contact\\\/\"]}]},{\"@type\":\"ImageObject\",\"inLanguage\":\"en-GB\",\"@id\":\"https:\\\/\\\/mimplayandexplore.com\\\/contact\\\/#primaryimage\",\"url\":\"https:\\\/\\\/mimplayandexplore.com\\\/wp-content\\\/uploads\\\/2023\\\/08\\\/Logotype-MIM-Dore-300x156.png\",\"contentUrl\":\"https:\\\/\\\/mimplayandexplore.com\\\/wp-content\\\/uploads\\\/2023\\\/08\\\/Logotype-MIM-Dore-300x156.png\"},{\"@type\":\"BreadcrumbList\",\"@id\":\"https:\\\/\\\/mimplayandexplore.com\\\/contact\\\/#breadcrumb\",\"itemListElement\":[{\"@type\":\"ListItem\",\"position\":1,\"name\":\"Home\",\"item\":\"https:\\\/\\\/mimplayandexplore.com\\\/\"},{\"@type\":\"ListItem\",\"position\":2,\"name\":\"Contact\"}]},{\"@type\":\"WebSite\",\"@id\":\"https:\\\/\\\/mimplayandexplore.com\\\/#website\",\"url\":\"https:\\\/\\\/mimplayandexplore.com\\\/\",\"name\":\"MIM \u2013 Play and Explore\",\"description\":\"MIM \u2013 Play and Explore\",\"publisher\":{\"@id\":\"https:\\\/\\\/mimplayandexplore.com\\\/#organization\"},\"potentialAction\":[{\"@type\":\"SearchAction\",\"target\":{\"@type\":\"EntryPoint\",\"urlTemplate\":\"https:\\\/\\\/mimplayandexplore.com\\\/?s={search_term_string}\"},\"query-input\":{\"@type\":\"PropertyValueSpecification\",\"valueRequired\":true,\"valueName\":\"search_term_string\"}}],\"inLanguage\":\"en-GB\"},{\"@type\":\"Organization\",\"@id\":\"https:\\\/\\\/mimplayandexplore.com\\\/#organization\",\"name\":\"MIM \u2013 Play and Explore\",\"url\":\"https:\\\/\\\/mimplayandexplore.com\\\/\",\"logo\":{\"@type\":\"ImageObject\",\"inLanguage\":\"en-GB\",\"@id\":\"https:\\\/\\\/mimplayandexplore.com\\\/#\\\/schema\\\/logo\\\/image\\\/\",\"url\":\"https:\\\/\\\/i0.wp.com\\\/mimplayandexplore.com\\\/wp-content\\\/uploads\\\/2023\\\/08\\\/cropped-Logotype-MIM-Primaire.png?fit=4769%2C1589&ssl=1\",\"contentUrl\":\"https:\\\/\\\/i0.wp.com\\\/mimplayandexplore.com\\\/wp-content\\\/uploads\\\/2023\\\/08\\\/cropped-Logotype-MIM-Primaire.png?fit=4769%2C1589&ssl=1\",\"width\":4769,\"height\":1589,\"caption\":\"MIM \u2013 Play and Explore\"},\"image\":{\"@id\":\"https:\\\/\\\/mimplayandexplore.com\\\/#\\\/schema\\\/logo\\\/image\\\/\"}}]}<\/script>\n<!-- \/ Yoast SEO plugin. -->","yoast_head_json":{"title":"Contact - MIM \u2013 Play and Explore","robots":{"index":"index","follow":"follow","max-snippet":"max-snippet:-1","max-image-preview":"max-image-preview:large","max-video-preview":"max-video-preview:-1"},"canonical":"https:\/\/mimplayandexplore.com\/en\/contact\/","og_locale":"en_GB","og_type":"article","og_title":"Contact - MIM \u2013 Play and Explore","og_description":"CONTACTEZ-NOUS La team MIM se fera un plaisir de r\u00e9pondre \u00e0 votre demande et d\u2019\u00e9changer avec vous autour des projets qui vous tiennent \u00e0 c\u0153ur. Co-cr\u00e9ons un accueil familial sur-mesure et parfaitement adapt\u00e9 \u00e0 vos besoins. Please enable JavaScript in your browser to complete this form.Please enable JavaScript in your browser to complete this form.Votre [&hellip;]","og_url":"https:\/\/mimplayandexplore.com\/en\/contact\/","og_site_name":"MIM \u2013 Play and Explore","article_modified_time":"2023-09-14T15:05:37+00:00","og_image":[{"url":"https:\/\/mimplayandexplore.com\/wp-content\/uploads\/2023\/08\/Logotype-MIM-Dore-300x156.png","type":"","width":"","height":""}],"twitter_card":"summary_large_image","twitter_misc":{"Estimated reading time":"1 minute"},"schema":{"@context":"https:\/\/schema.org","@graph":[{"@type":"WebPage","@id":"https:\/\/mimplayandexplore.com\/contact\/","url":"https:\/\/mimplayandexplore.com\/contact\/","name":"Contact - MIM \u2013 Play and Explore","isPartOf":{"@id":"https:\/\/mimplayandexplore.com\/#website"},"primaryImageOfPage":{"@id":"https:\/\/mimplayandexplore.com\/contact\/#primaryimage"},"image":{"@id":"https:\/\/mimplayandexplore.com\/contact\/#primaryimage"},"thumbnailUrl":"https:\/\/mimplayandexplore.com\/wp-content\/uploads\/2023\/08\/Logotype-MIM-Dore-300x156.png","datePublished":"2018-11-27T09:17:56+00:00","dateModified":"2023-09-14T15:05:37+00:00","breadcrumb":{"@id":"https:\/\/mimplayandexplore.com\/contact\/#breadcrumb"},"inLanguage":"en-GB","potentialAction":[{"@type":"ReadAction","target":["https:\/\/mimplayandexplore.com\/contact\/"]}]},{"@type":"ImageObject","inLanguage":"en-GB","@id":"https:\/\/mimplayandexplore.com\/contact\/#primaryimage","url":"https:\/\/mimplayandexplore.com\/wp-content\/uploads\/2023\/08\/Logotype-MIM-Dore-300x156.png","contentUrl":"https:\/\/mimplayandexplore.com\/wp-content\/uploads\/2023\/08\/Logotype-MIM-Dore-300x156.png"},{"@type":"BreadcrumbList","@id":"https:\/\/mimplayandexplore.com\/contact\/#breadcrumb","itemListElement":[{"@type":"ListItem","position":1,"name":"Home","item":"https:\/\/mimplayandexplore.com\/"},{"@type":"ListItem","position":2,"name":"Contact"}]},{"@type":"WebSite","@id":"https:\/\/mimplayandexplore.com\/#website","url":"https:\/\/mimplayandexplore.com\/","name":"MIM \u2013 Play and Explore","description":"MIM \u2013 Play and Explore","publisher":{"@id":"https:\/\/mimplayandexplore.com\/#organization"},"potentialAction":[{"@type":"SearchAction","target":{"@type":"EntryPoint","urlTemplate":"https:\/\/mimplayandexplore.com\/?s={search_term_string}"},"query-input":{"@type":"PropertyValueSpecification","valueRequired":true,"valueName":"search_term_string"}}],"inLanguage":"en-GB"},{"@type":"Organization","@id":"https:\/\/mimplayandexplore.com\/#organization","name":"MIM \u2013 Play and Explore","url":"https:\/\/mimplayandexplore.com\/","logo":{"@type":"ImageObject","inLanguage":"en-GB","@id":"https:\/\/mimplayandexplore.com\/#\/schema\/logo\/image\/","url":"https:\/\/i0.wp.com\/mimplayandexplore.com\/wp-content\/uploads\/2023\/08\/cropped-Logotype-MIM-Primaire.png?fit=4769%2C1589&ssl=1","contentUrl":"https:\/\/i0.wp.com\/mimplayandexplore.com\/wp-content\/uploads\/2023\/08\/cropped-Logotype-MIM-Primaire.png?fit=4769%2C1589&ssl=1","width":4769,"height":1589,"caption":"MIM \u2013 Play and Explore"},"image":{"@id":"https:\/\/mimplayandexplore.com\/#\/schema\/logo\/image\/"}}]}},"jetpack_likes_enabled":true,"jetpack_sharing_enabled":true,"jetpack_shortlink":"https:\/\/wp.me\/Paj2Yt-8","jetpack-related-posts":[],"amp_enabled":true,"_links":{"self":[{"href":"https:\/\/mimplayandexplore.com\/en\/wp-json\/wp\/v2\/pages\/8","targetHints":{"allow":["GET"]}}],"collection":[{"href":"https:\/\/mimplayandexplore.com\/en\/wp-json\/wp\/v2\/pages"}],"about":[{"href":"https:\/\/mimplayandexplore.com\/en\/wp-json\/wp\/v2\/types\/page"}],"author":[{"embeddable":true,"href":"https:\/\/mimplayandexplore.com\/en\/wp-json\/wp\/v2\/users\/10"}],"replies":[{"embeddable":true,"href":"https:\/\/mimplayandexplore.com\/en\/wp-json\/wp\/v2\/comments?post=8"}],"version-history":[{"count":3,"href":"https:\/\/mimplayandexplore.com\/en\/wp-json\/wp\/v2\/pages\/8\/revisions"}],"predecessor-version":[{"id":6148,"href":"https:\/\/mimplayandexplore.com\/en\/wp-json\/wp\/v2\/pages\/8\/revisions\/6148"}],"wp:attachment":[{"href":"https:\/\/mimplayandexplore.com\/en\/wp-json\/wp\/v2\/media?parent=8"}],"wp:term":[{"taxonomy":"category","embeddable":true,"href":"https:\/\/mimplayandexplore.com\/en\/wp-json\/wp\/v2\/categories?post=8"},{"taxonomy":"post_tag","embeddable":true,"href":"https:\/\/mimplayandexplore.com\/en\/wp-json\/wp\/v2\/tags?post=8"}],"curies":[{"name":"wp","href":"https:\/\/api.w.org\/{rel}","templated":true}]}}