{"id":4735,"date":"2023-08-10T13:09:49","date_gmt":"2023-08-10T13:09:49","guid":{"rendered":"https:\/\/mimplayandexplore.com\/?page_id=4735"},"modified":"2023-11-29T16:50:53","modified_gmt":"2023-11-29T16:50:53","slug":"diplomes","status":"publish","type":"page","link":"https:\/\/mimplayandexplore.com\/en\/diplomes\/","title":{"rendered":"Diplomas"},"content":{"rendered":"<div data-elementor-type=\"wp-page\" data-elementor-id=\"4735\" class=\"elementor elementor-4735\">\n\t\t\t\t\t\t<section class=\"elementor-section elementor-top-section elementor-element elementor-element-60d5078 elementor-section-full_width elementor-section-height-default elementor-section-height-default\" data-id=\"60d5078\" data-element_type=\"section\" data-e-type=\"section\" data-settings=\"{&quot;background_background&quot;:&quot;classic&quot;}\">\n\t\t\t\t\t\t<div class=\"elementor-container elementor-column-gap-narrow\">\n\t\t\t\t\t<div class=\"elementor-column elementor-col-50 elementor-top-column elementor-element elementor-element-aca3935\" data-id=\"aca3935\" data-element_type=\"column\" data-e-type=\"column\">\n\t\t\t<div class=\"elementor-widget-wrap elementor-element-populated\">\n\t\t\t\t\t\t<div class=\"elementor-element elementor-element-359375b elementor-pagination-position-inside elementor-widget__width-inherit elementor-arrows-position-inside elementor-widget elementor-widget-image-carousel\" data-id=\"359375b\" data-element_type=\"widget\" data-e-type=\"widget\" data-settings=\"{&quot;slides_to_show&quot;:&quot;1&quot;,&quot;navigation&quot;:&quot;both&quot;,&quot;autoplay&quot;:&quot;yes&quot;,&quot;pause_on_hover&quot;:&quot;yes&quot;,&quot;pause_on_interaction&quot;:&quot;yes&quot;,&quot;autoplay_speed&quot;:5000,&quot;infinite&quot;:&quot;yes&quot;,&quot;effect&quot;:&quot;slide&quot;,&quot;speed&quot;:500}\" data-widget_type=\"image-carousel.default\">\n\t\t\t\t<div class=\"elementor-widget-container\">\n\t\t\t\t\t            <div class=\"elementor-image-carousel-wrapper swiper\" role=\"region\" aria-roledescription=\"carousel\" aria-label=\"Carrousel d\u2019images\" dir=\"ltr\">\n                <div class=\"elementor-image-carousel swiper-wrapper\" aria-live=\"off\">\n\t\t\t\t\t\t\t\t\t\t<div class=\"swiper-slide\"><figure class=\"swiper-slide-inner\"><img decoding=\"async\" class=\"swiper-slide-image\" src=\"https:\/\/i0.wp.com\/mimplayandexplore.com\/wp-content\/uploads\/2023\/09\/Diplome.png?fit=764%2C845&amp;ssl=1\" alt=\"Dipl\u00f4me\" \/><\/figure><\/div>                <\/div>\n\t\t\t\t            <\/div>\n\t\t\t\t\t\t\t<\/div>\n\t\t\t\t<\/div>\n\t\t\t\t\t<\/div>\n\t\t<\/div>\n\t\t\t\t<div class=\"elementor-column elementor-col-50 elementor-top-column elementor-element elementor-element-4c902b4\" data-id=\"4c902b4\" data-element_type=\"column\" data-e-type=\"column\">\n\t\t\t<div class=\"elementor-widget-wrap elementor-element-populated\">\n\t\t\t\t\t\t<div class=\"elementor-element elementor-element-f108ca4 elementor-widget elementor-widget-heading\" data-id=\"f108ca4\" data-element_type=\"widget\" data-e-type=\"widget\" data-widget_type=\"heading.default\">\n\t\t\t\t<div class=\"elementor-widget-container\">\n\t\t\t\t\t<h3 class=\"elementor-heading-title elementor-size-default\">Diplomas<\/h3>\t\t\t\t<\/div>\n\t\t\t\t<\/div>\n\t\t\t\t<div class=\"elementor-element elementor-element-c7966ee elementor-widget elementor-widget-text-editor\" data-id=\"c7966ee\" data-element_type=\"widget\" data-e-type=\"widget\" data-widget_type=\"text-editor.default\">\n\t\t\t\t<div class=\"elementor-widget-container\">\n\t\t\t\t\t\t\t\t\t<p>Certificates and diplomas are something children are proud to show their family and friends, and they love to display on their refrigerators. It's a delightful way to celebrate their participation in games, activities, and contests organized by the animators in your kids' club.<\/p><p>Whether it's treasure hunts, pastry workshops, skiing lessons, or Olympiads, all these memories and small victories deserve to be cherished and celebrated!<\/p><p>To enhance this experience and create lasting memories for your young clients, we offer to create beautiful diplomas and certificates customized to your brand and 100% tailor-made according to the activities you offer.<\/p><p>These diplomas are printed in France on high-quality, durable paper, ensuring they become cherished keepsakes for years to come.<\/p>\t\t\t\t\t\t\t\t<\/div>\n\t\t\t\t<\/div>\n\t\t\t\t<section class=\"elementor-section elementor-inner-section elementor-element elementor-element-1fca8b8 elementor-section-boxed elementor-section-height-default elementor-section-height-default\" data-id=\"1fca8b8\" data-element_type=\"section\" data-e-type=\"section\">\n\t\t\t\t\t\t<div class=\"elementor-container elementor-column-gap-default\">\n\t\t\t\t\t<div class=\"elementor-column elementor-col-50 elementor-inner-column elementor-element elementor-element-8e47940\" data-id=\"8e47940\" data-element_type=\"column\" data-e-type=\"column\">\n\t\t\t<div class=\"elementor-widget-wrap elementor-element-populated\">\n\t\t\t\t\t\t<div class=\"elementor-element elementor-element-d79b4c6 elementor-align-justify elementor-hidden-desktop elementor-hidden-tablet elementor-hidden-mobile elementor-widget elementor-widget-button\" data-id=\"d79b4c6\" data-element_type=\"widget\" data-e-type=\"widget\" data-widget_type=\"button.default\">\n\t\t\t\t<div class=\"elementor-widget-container\">\n\t\t\t\t\t\t\t\t\t<div class=\"elementor-button-wrapper\">\n\t\t\t\t\t<a class=\"elementor-button elementor-button-link elementor-size-md\" href=\"#\">\n\t\t\t\t\t\t<span class=\"elementor-button-content-wrapper\">\n\t\t\t\t\t\t\t\t\t<span class=\"elementor-button-text\">Product sheet<\/span>\n\t\t\t\t\t<\/span>\n\t\t\t\t\t<\/a>\n\t\t\t\t<\/div>\n\t\t\t\t\t\t\t\t<\/div>\n\t\t\t\t<\/div>\n\t\t\t\t\t<\/div>\n\t\t<\/div>\n\t\t\t\t<div class=\"elementor-column elementor-col-50 elementor-inner-column elementor-element elementor-element-1ed27f9\" data-id=\"1ed27f9\" data-element_type=\"column\" data-e-type=\"column\">\n\t\t\t<div class=\"elementor-widget-wrap elementor-element-populated\">\n\t\t\t\t\t\t<div class=\"elementor-element elementor-element-a58ffff elementor-align-justify elementor-widget elementor-widget-button\" data-id=\"a58ffff\" data-element_type=\"widget\" data-e-type=\"widget\" data-widget_type=\"button.default\">\n\t\t\t\t<div class=\"elementor-widget-container\">\n\t\t\t\t\t\t\t\t\t<div class=\"elementor-button-wrapper\">\n\t\t\t\t\t<a class=\"elementor-button elementor-button-link elementor-size-md\" href=\"\/index.php\/contact\/\">\n\t\t\t\t\t\t<span class=\"elementor-button-content-wrapper\">\n\t\t\t\t\t\t\t\t\t<span class=\"elementor-button-text\">Ask for a quote<\/span>\n\t\t\t\t\t<\/span>\n\t\t\t\t\t<\/a>\n\t\t\t\t<\/div>\n\t\t\t\t\t\t\t\t<\/div>\n\t\t\t\t<\/div>\n\t\t\t\t\t<\/div>\n\t\t<\/div>\n\t\t\t\t\t<\/div>\n\t\t<\/section>\n\t\t\t\t\t<\/div>\n\t\t<\/div>\n\t\t\t\t\t<\/div>\n\t\t<\/section>\n\t\t\t\t<section class=\"elementor-section elementor-top-section elementor-element elementor-element-c3bde39 elementor-section-full_width elementor-section-height-default elementor-section-height-default\" data-id=\"c3bde39\" data-element_type=\"section\" data-e-type=\"section\" data-settings=\"{&quot;background_background&quot;:&quot;classic&quot;}\">\n\t\t\t\t\t\t<div class=\"elementor-container elementor-column-gap-default\">\n\t\t\t\t\t<div class=\"elementor-column elementor-col-100 elementor-top-column elementor-element elementor-element-b3b5780\" data-id=\"b3b5780\" data-element_type=\"column\" data-e-type=\"column\">\n\t\t\t<div class=\"elementor-widget-wrap elementor-element-populated\">\n\t\t\t\t\t\t<div class=\"elementor-element elementor-element-278122d elementor-widget elementor-widget-heading\" data-id=\"278122d\" data-element_type=\"widget\" data-e-type=\"widget\" data-widget_type=\"heading.default\">\n\t\t\t\t<div class=\"elementor-widget-container\">\n\t\t\t\t\t<h5 class=\"elementor-heading-title elementor-size-default\">We also suggest...<\/h5>\t\t\t\t<\/div>\n\t\t\t\t<\/div>\n\t\t\t\t<div class=\"elementor-element elementor-element-c8e4f28 elementor-widget__width-inherit elementor-arrows-position-inside elementor-pagination-position-outside elementor-widget elementor-widget-image-carousel\" data-id=\"c8e4f28\" data-element_type=\"widget\" data-e-type=\"widget\" data-settings=\"{&quot;slides_to_show&quot;:&quot;4&quot;,&quot;autoplay_speed&quot;:2000,&quot;image_spacing_custom&quot;:{&quot;unit&quot;:&quot;px&quot;,&quot;size&quot;:10,&quot;sizes&quot;:[]},&quot;navigation&quot;:&quot;both&quot;,&quot;autoplay&quot;:&quot;yes&quot;,&quot;pause_on_hover&quot;:&quot;yes&quot;,&quot;pause_on_interaction&quot;:&quot;yes&quot;,&quot;infinite&quot;:&quot;yes&quot;,&quot;speed&quot;:500,&quot;image_spacing_custom_tablet&quot;:{&quot;unit&quot;:&quot;px&quot;,&quot;size&quot;:&quot;&quot;,&quot;sizes&quot;:[]},&quot;image_spacing_custom_mobile&quot;:{&quot;unit&quot;:&quot;px&quot;,&quot;size&quot;:&quot;&quot;,&quot;sizes&quot;:[]}}\" data-widget_type=\"image-carousel.default\">\n\t\t\t\t<div class=\"elementor-widget-container\">\n\t\t\t\t\t            <div class=\"elementor-image-carousel-wrapper swiper\" role=\"region\" aria-roledescription=\"carousel\" aria-label=\"Carrousel d\u2019images\" dir=\"ltr\">\n                <div class=\"elementor-image-carousel swiper-wrapper\" aria-live=\"off\">\n\t\t\t\t\t\t\t\t\t\t<div class=\"swiper-slide\"><a data-elementor-open-lightbox=\"no\" href=\"\/index.php\/contes-du-soir\/\" target=\"\"><figure class=\"swiper-slide-inner\"><img decoding=\"async\" class=\"swiper-slide-image\" src=\"https:\/\/i0.wp.com\/mimplayandexplore.com\/wp-content\/uploads\/2023\/08\/Conte-du-soir-370.png?fit=370%2C370&amp;ssl=1\" alt=\"Conte du soir 370\" \/><\/figure><\/a><\/div><div class=\"swiper-slide\"><a data-elementor-open-lightbox=\"yes\" data-elementor-lightbox-slideshow=\"c8e4f28\" data-elementor-lightbox-title=\"Cartes postales 370\" data-e-action-hash=\"#elementor-action%3Aaction%3Dlightbox%26settings%3DeyJpZCI6MzkwNCwidXJsIjoiaHR0cHM6XC9cL21pbXBsYXlhbmRleHBsb3JlLmNvbVwvd3AtY29udGVudFwvdXBsb2Fkc1wvMjAyM1wvMDhcL0NhcnRlcy1wb3N0YWxlcy0zNzAucG5nIiwic2xpZGVzaG93IjoiYzhlNGYyOCJ9\" href=\"https:\/\/i0.wp.com\/mimplayandexplore.com\/wp-content\/uploads\/2023\/08\/Cartes-postales-370.png?ssl=1\"><figure class=\"swiper-slide-inner\"><img decoding=\"async\" class=\"swiper-slide-image\" src=\"https:\/\/i0.wp.com\/mimplayandexplore.com\/wp-content\/uploads\/2023\/08\/Cartes-postales-370.png?fit=370%2C370&amp;ssl=1\" alt=\"Cartes postales 370\" \/><\/figure><\/a><\/div><div class=\"swiper-slide\"><a data-elementor-open-lightbox=\"yes\" data-elementor-lightbox-slideshow=\"c8e4f28\" data-elementor-lightbox-title=\"Carnet 370\" data-e-action-hash=\"#elementor-action%3Aaction%3Dlightbox%26settings%3DeyJpZCI6MzkwMywidXJsIjoiaHR0cHM6XC9cL21pbXBsYXlhbmRleHBsb3JlLmNvbVwvd3AtY29udGVudFwvdXBsb2Fkc1wvMjAyM1wvMDhcL0Nhcm5ldC0zNzAucG5nIiwic2xpZGVzaG93IjoiYzhlNGYyOCJ9\" href=\"https:\/\/i0.wp.com\/mimplayandexplore.com\/wp-content\/uploads\/2023\/08\/Carnet-370.png?ssl=1\"><figure class=\"swiper-slide-inner\"><img decoding=\"async\" class=\"swiper-slide-image\" src=\"https:\/\/i0.wp.com\/mimplayandexplore.com\/wp-content\/uploads\/2023\/08\/Carnet-370.png?fit=370%2C370&amp;ssl=1\" alt=\"Carnet 370\" \/><\/figure><\/a><\/div><div class=\"swiper-slide\"><a data-elementor-open-lightbox=\"yes\" data-elementor-lightbox-slideshow=\"c8e4f28\" data-elementor-lightbox-title=\"Bracelet 370\" data-e-action-hash=\"#elementor-action%3Aaction%3Dlightbox%26settings%3DeyJpZCI6MzkwMiwidXJsIjoiaHR0cHM6XC9cL21pbXBsYXlhbmRleHBsb3JlLmNvbVwvd3AtY29udGVudFwvdXBsb2Fkc1wvMjAyM1wvMDhcL0JyYWNlbGV0LTM3MC5wbmciLCJzbGlkZXNob3ciOiJjOGU0ZjI4In0%3D\" href=\"https:\/\/i0.wp.com\/mimplayandexplore.com\/wp-content\/uploads\/2023\/08\/Bracelet-370.png?ssl=1\"><figure class=\"swiper-slide-inner\"><img decoding=\"async\" class=\"swiper-slide-image\" src=\"https:\/\/i0.wp.com\/mimplayandexplore.com\/wp-content\/uploads\/2023\/08\/Bracelet-370.png?fit=370%2C370&amp;ssl=1\" alt=\"Bracelet 370\" \/><\/figure><\/a><\/div><div class=\"swiper-slide\"><a data-elementor-open-lightbox=\"yes\" data-elementor-lightbox-slideshow=\"c8e4f28\" data-elementor-lightbox-title=\"Ecusson 370\" data-e-action-hash=\"#elementor-action%3Aaction%3Dlightbox%26settings%3DeyJpZCI6MzkwMSwidXJsIjoiaHR0cHM6XC9cL21pbXBsYXlhbmRleHBsb3JlLmNvbVwvd3AtY29udGVudFwvdXBsb2Fkc1wvMjAyM1wvMDhcL0VjdXNzb24tMzcwLnBuZyIsInNsaWRlc2hvdyI6ImM4ZTRmMjgifQ%3D%3D\" href=\"https:\/\/i0.wp.com\/mimplayandexplore.com\/wp-content\/uploads\/2023\/08\/Ecusson-370.png?ssl=1\"><figure class=\"swiper-slide-inner\"><img decoding=\"async\" class=\"swiper-slide-image\" src=\"https:\/\/i0.wp.com\/mimplayandexplore.com\/wp-content\/uploads\/2023\/08\/Ecusson-370.png?fit=370%2C370&amp;ssl=1\" alt=\"Ecusson 370\" \/><\/figure><\/a><\/div>                <\/div>\n\t\t\t\t\t\t\t\t\t                        <div class=\"swiper-pagination\"><\/div>\n\t\t\t\t\t\t\t\t\t\t                        <div class=\"elementor-swiper-button elementor-swiper-button-prev\">\n                            <i class=\"eicon-chevron-left\" aria-hidden=\"true\"><\/i>\n                            <span class=\"elementor-screen-only\">Pr\u00e9c\u00e9dent<\/span>\n                        <\/div>\n                        <div class=\"elementor-swiper-button elementor-swiper-button-next\">\n                            <i class=\"eicon-chevron-right\" aria-hidden=\"true\"><\/i>\n                            <span class=\"elementor-screen-only\">Suivant<\/span>\n                        <\/div>\n\t\t\t\t\t\t\t\t\t            <\/div>\n\t\t\t\t\t\t\t<\/div>\n\t\t\t\t<\/div>\n\t\t\t\t\t<\/div>\n\t\t<\/div>\n\t\t\t\t\t<\/div>\n\t\t<\/section>\n\t\t\t\t<\/div>","protected":false},"excerpt":{"rendered":"<p>Dipl\u00f4mes En vacances, les enfants ont parfois l\u2019occasion de participer \u00e0 des jeux, activit\u00e9s et concours organis\u00e9s par les animateurs de votre kids club\u2026 Chasse au tr\u00e9sor, atelier p\u00e2tisserie, cours de ski, olympiades\u2026 Autant de souvenirs et de petites victoires qui m\u00e9ritent d\u2019\u00eatre pr\u00e9cieusement gard\u00e9s et c\u00e9l\u00e9br\u00e9s\u00a0! Et pour renforcer cette exp\u00e9rience et ce souvenir [&hellip;]<\/p>\n","protected":false},"author":10,"featured_media":0,"parent":0,"menu_order":0,"comment_status":"closed","ping_status":"closed","template":"","meta":{"_coblocks_attr":"","_coblocks_dimensions":"","_coblocks_responsive_height":"","_coblocks_accordion_ie_support":"","_crdt_document":"","site-sidebar-layout":"no-sidebar","site-content-layout":"page-builder","ast-site-content-layout":"","site-content-style":"default","site-sidebar-style":"default","ast-global-header-display":"","ast-banner-title-visibility":"","ast-main-header-display":"","ast-hfb-above-header-display":"","ast-hfb-below-header-display":"","ast-hfb-mobile-header-display":"","site-post-title":"disabled","ast-breadcrumbs-content":"","ast-featured-img":"disabled","footer-sml-layout":"","theme-transparent-header-meta":"","adv-header-id-meta":"","stick-header-meta":"","header-above-stick-meta":"","header-main-stick-meta":"","header-below-stick-meta":"","astra-migrate-meta-layouts":"default","ast-page-background-enabled":"default","ast-page-background-meta":{"desktop":{"background-color":"","background-image":"","background-repeat":"repeat","background-position":"center center","background-size":"auto","background-attachment":"scroll","background-type":"","background-media":"","overlay-type":"","overlay-color":"","overlay-gradient":""},"tablet":{"background-color":"","background-image":"","background-repeat":"repeat","background-position":"center center","background-size":"auto","background-attachment":"scroll","background-type":"","background-media":"","overlay-type":"","overlay-color":"","overlay-gradient":""},"mobile":{"background-color":"","background-image":"","background-repeat":"repeat","background-position":"center center","background-size":"auto","background-attachment":"scroll","background-type":"","background-media":"","overlay-type":"","overlay-color":"","overlay-gradient":""}},"ast-content-background-meta":{"desktop":{"background-color":"var(--ast-global-color-5)","background-image":"","background-repeat":"repeat","background-position":"center center","background-size":"auto","background-attachment":"scroll","background-type":"","background-media":"","overlay-type":"","overlay-color":"","overlay-gradient":""},"tablet":{"background-color":"var(--ast-global-color-5)","background-image":"","background-repeat":"repeat","background-position":"center center","background-size":"auto","background-attachment":"scroll","background-type":"","background-media":"","overlay-type":"","overlay-color":"","overlay-gradient":""},"mobile":{"background-color":"var(--ast-global-color-5)","background-image":"","background-repeat":"repeat","background-position":"center center","background-size":"auto","background-attachment":"scroll","background-type":"","background-media":"","overlay-type":"","overlay-color":"","overlay-gradient":""}},"footnotes":""},"categories":[],"tags":[],"class_list":["post-4735","page","type-page","status-publish","hentry"],"yoast_head":"<!-- This site is optimized with the Yoast SEO plugin v27.3 - https:\/\/yoast.com\/product\/yoast-seo-wordpress\/ -->\n<title>Dipl\u00f4mes - MIM \u2013 Play and Explore<\/title>\n<meta name=\"robots\" content=\"index, follow, max-snippet:-1, max-image-preview:large, max-video-preview:-1\" \/>\n<link rel=\"canonical\" href=\"https:\/\/mimplayandexplore.com\/en\/diplomes\/\" \/>\n<meta property=\"og:locale\" content=\"en_GB\" \/>\n<meta property=\"og:type\" content=\"article\" \/>\n<meta property=\"og:title\" content=\"Dipl\u00f4mes - MIM \u2013 Play and Explore\" \/>\n<meta property=\"og:description\" content=\"Dipl\u00f4mes En vacances, les enfants ont parfois l\u2019occasion de participer \u00e0 des jeux, activit\u00e9s et concours organis\u00e9s par les animateurs de votre kids club\u2026 Chasse au tr\u00e9sor, atelier p\u00e2tisserie, cours de ski, olympiades\u2026 Autant de souvenirs et de petites victoires qui m\u00e9ritent d\u2019\u00eatre pr\u00e9cieusement gard\u00e9s et c\u00e9l\u00e9br\u00e9s\u00a0! Et pour renforcer cette exp\u00e9rience et ce souvenir [&hellip;]\" \/>\n<meta property=\"og:url\" content=\"https:\/\/mimplayandexplore.com\/en\/diplomes\/\" \/>\n<meta property=\"og:site_name\" content=\"MIM \u2013 Play and Explore\" \/>\n<meta property=\"article:modified_time\" content=\"2023-11-29T16:50:53+00:00\" \/>\n<meta property=\"og:image\" content=\"https:\/\/mimplayandexplore.com\/wp-content\/uploads\/2023\/09\/Diplome.png\" \/>\n<meta name=\"twitter:card\" content=\"summary_large_image\" \/>\n<meta name=\"twitter:label1\" content=\"Estimated reading time\" \/>\n\t<meta name=\"twitter:data1\" content=\"4 minutes\" \/>\n<script type=\"application\/ld+json\" class=\"yoast-schema-graph\">{\"@context\":\"https:\\\/\\\/schema.org\",\"@graph\":[{\"@type\":\"WebPage\",\"@id\":\"https:\\\/\\\/mimplayandexplore.com\\\/diplomes\\\/\",\"url\":\"https:\\\/\\\/mimplayandexplore.com\\\/diplomes\\\/\",\"name\":\"Dipl\u00f4mes - MIM \u2013 Play and Explore\",\"isPartOf\":{\"@id\":\"https:\\\/\\\/mimplayandexplore.com\\\/#website\"},\"primaryImageOfPage\":{\"@id\":\"https:\\\/\\\/mimplayandexplore.com\\\/diplomes\\\/#primaryimage\"},\"image\":{\"@id\":\"https:\\\/\\\/mimplayandexplore.com\\\/diplomes\\\/#primaryimage\"},\"thumbnailUrl\":\"https:\\\/\\\/mimplayandexplore.com\\\/wp-content\\\/uploads\\\/2023\\\/09\\\/Diplome.png\",\"datePublished\":\"2023-08-10T13:09:49+00:00\",\"dateModified\":\"2023-11-29T16:50:53+00:00\",\"breadcrumb\":{\"@id\":\"https:\\\/\\\/mimplayandexplore.com\\\/diplomes\\\/#breadcrumb\"},\"inLanguage\":\"en-GB\",\"potentialAction\":[{\"@type\":\"ReadAction\",\"target\":[\"https:\\\/\\\/mimplayandexplore.com\\\/diplomes\\\/\"]}]},{\"@type\":\"ImageObject\",\"inLanguage\":\"en-GB\",\"@id\":\"https:\\\/\\\/mimplayandexplore.com\\\/diplomes\\\/#primaryimage\",\"url\":\"https:\\\/\\\/mimplayandexplore.com\\\/wp-content\\\/uploads\\\/2023\\\/09\\\/Diplome.png\",\"contentUrl\":\"https:\\\/\\\/mimplayandexplore.com\\\/wp-content\\\/uploads\\\/2023\\\/09\\\/Diplome.png\"},{\"@type\":\"BreadcrumbList\",\"@id\":\"https:\\\/\\\/mimplayandexplore.com\\\/diplomes\\\/#breadcrumb\",\"itemListElement\":[{\"@type\":\"ListItem\",\"position\":1,\"name\":\"Home\",\"item\":\"https:\\\/\\\/mimplayandexplore.com\\\/\"},{\"@type\":\"ListItem\",\"position\":2,\"name\":\"Dipl\u00f4mes\"}]},{\"@type\":\"WebSite\",\"@id\":\"https:\\\/\\\/mimplayandexplore.com\\\/#website\",\"url\":\"https:\\\/\\\/mimplayandexplore.com\\\/\",\"name\":\"MIM \u2013 Play and Explore\",\"description\":\"MIM \u2013 Play and Explore\",\"publisher\":{\"@id\":\"https:\\\/\\\/mimplayandexplore.com\\\/#organization\"},\"potentialAction\":[{\"@type\":\"SearchAction\",\"target\":{\"@type\":\"EntryPoint\",\"urlTemplate\":\"https:\\\/\\\/mimplayandexplore.com\\\/?s={search_term_string}\"},\"query-input\":{\"@type\":\"PropertyValueSpecification\",\"valueRequired\":true,\"valueName\":\"search_term_string\"}}],\"inLanguage\":\"en-GB\"},{\"@type\":\"Organization\",\"@id\":\"https:\\\/\\\/mimplayandexplore.com\\\/#organization\",\"name\":\"MIM \u2013 Play and Explore\",\"url\":\"https:\\\/\\\/mimplayandexplore.com\\\/\",\"logo\":{\"@type\":\"ImageObject\",\"inLanguage\":\"en-GB\",\"@id\":\"https:\\\/\\\/mimplayandexplore.com\\\/#\\\/schema\\\/logo\\\/image\\\/\",\"url\":\"https:\\\/\\\/i0.wp.com\\\/mimplayandexplore.com\\\/wp-content\\\/uploads\\\/2023\\\/08\\\/cropped-Logotype-MIM-Primaire.png?fit=4769%2C1589&ssl=1\",\"contentUrl\":\"https:\\\/\\\/i0.wp.com\\\/mimplayandexplore.com\\\/wp-content\\\/uploads\\\/2023\\\/08\\\/cropped-Logotype-MIM-Primaire.png?fit=4769%2C1589&ssl=1\",\"width\":4769,\"height\":1589,\"caption\":\"MIM \u2013 Play and Explore\"},\"image\":{\"@id\":\"https:\\\/\\\/mimplayandexplore.com\\\/#\\\/schema\\\/logo\\\/image\\\/\"}}]}<\/script>\n<!-- \/ Yoast SEO plugin. -->","yoast_head_json":{"title":"Dipl\u00f4mes - MIM \u2013 Play and Explore","robots":{"index":"index","follow":"follow","max-snippet":"max-snippet:-1","max-image-preview":"max-image-preview:large","max-video-preview":"max-video-preview:-1"},"canonical":"https:\/\/mimplayandexplore.com\/en\/diplomes\/","og_locale":"en_GB","og_type":"article","og_title":"Dipl\u00f4mes - MIM \u2013 Play and Explore","og_description":"Dipl\u00f4mes En vacances, les enfants ont parfois l\u2019occasion de participer \u00e0 des jeux, activit\u00e9s et concours organis\u00e9s par les animateurs de votre kids club\u2026 Chasse au tr\u00e9sor, atelier p\u00e2tisserie, cours de ski, olympiades\u2026 Autant de souvenirs et de petites victoires qui m\u00e9ritent d\u2019\u00eatre pr\u00e9cieusement gard\u00e9s et c\u00e9l\u00e9br\u00e9s\u00a0! Et pour renforcer cette exp\u00e9rience et ce souvenir [&hellip;]","og_url":"https:\/\/mimplayandexplore.com\/en\/diplomes\/","og_site_name":"MIM \u2013 Play and Explore","article_modified_time":"2023-11-29T16:50:53+00:00","og_image":[{"url":"https:\/\/mimplayandexplore.com\/wp-content\/uploads\/2023\/09\/Diplome.png","type":"","width":"","height":""}],"twitter_card":"summary_large_image","twitter_misc":{"Estimated reading time":"4 minutes"},"schema":{"@context":"https:\/\/schema.org","@graph":[{"@type":"WebPage","@id":"https:\/\/mimplayandexplore.com\/diplomes\/","url":"https:\/\/mimplayandexplore.com\/diplomes\/","name":"Dipl\u00f4mes - MIM \u2013 Play and Explore","isPartOf":{"@id":"https:\/\/mimplayandexplore.com\/#website"},"primaryImageOfPage":{"@id":"https:\/\/mimplayandexplore.com\/diplomes\/#primaryimage"},"image":{"@id":"https:\/\/mimplayandexplore.com\/diplomes\/#primaryimage"},"thumbnailUrl":"https:\/\/mimplayandexplore.com\/wp-content\/uploads\/2023\/09\/Diplome.png","datePublished":"2023-08-10T13:09:49+00:00","dateModified":"2023-11-29T16:50:53+00:00","breadcrumb":{"@id":"https:\/\/mimplayandexplore.com\/diplomes\/#breadcrumb"},"inLanguage":"en-GB","potentialAction":[{"@type":"ReadAction","target":["https:\/\/mimplayandexplore.com\/diplomes\/"]}]},{"@type":"ImageObject","inLanguage":"en-GB","@id":"https:\/\/mimplayandexplore.com\/diplomes\/#primaryimage","url":"https:\/\/mimplayandexplore.com\/wp-content\/uploads\/2023\/09\/Diplome.png","contentUrl":"https:\/\/mimplayandexplore.com\/wp-content\/uploads\/2023\/09\/Diplome.png"},{"@type":"BreadcrumbList","@id":"https:\/\/mimplayandexplore.com\/diplomes\/#breadcrumb","itemListElement":[{"@type":"ListItem","position":1,"name":"Home","item":"https:\/\/mimplayandexplore.com\/"},{"@type":"ListItem","position":2,"name":"Dipl\u00f4mes"}]},{"@type":"WebSite","@id":"https:\/\/mimplayandexplore.com\/#website","url":"https:\/\/mimplayandexplore.com\/","name":"MIM \u2013 Play and Explore","description":"MIM \u2013 Play and Explore","publisher":{"@id":"https:\/\/mimplayandexplore.com\/#organization"},"potentialAction":[{"@type":"SearchAction","target":{"@type":"EntryPoint","urlTemplate":"https:\/\/mimplayandexplore.com\/?s={search_term_string}"},"query-input":{"@type":"PropertyValueSpecification","valueRequired":true,"valueName":"search_term_string"}}],"inLanguage":"en-GB"},{"@type":"Organization","@id":"https:\/\/mimplayandexplore.com\/#organization","name":"MIM \u2013 Play and Explore","url":"https:\/\/mimplayandexplore.com\/","logo":{"@type":"ImageObject","inLanguage":"en-GB","@id":"https:\/\/mimplayandexplore.com\/#\/schema\/logo\/image\/","url":"https:\/\/i0.wp.com\/mimplayandexplore.com\/wp-content\/uploads\/2023\/08\/cropped-Logotype-MIM-Primaire.png?fit=4769%2C1589&ssl=1","contentUrl":"https:\/\/i0.wp.com\/mimplayandexplore.com\/wp-content\/uploads\/2023\/08\/cropped-Logotype-MIM-Primaire.png?fit=4769%2C1589&ssl=1","width":4769,"height":1589,"caption":"MIM \u2013 Play and Explore"},"image":{"@id":"https:\/\/mimplayandexplore.com\/#\/schema\/logo\/image\/"}}]}},"jetpack_likes_enabled":true,"jetpack_sharing_enabled":true,"jetpack_shortlink":"https:\/\/wp.me\/Paj2Yt-1en","jetpack-related-posts":[],"amp_enabled":true,"_links":{"self":[{"href":"https:\/\/mimplayandexplore.com\/en\/wp-json\/wp\/v2\/pages\/4735","targetHints":{"allow":["GET"]}}],"collection":[{"href":"https:\/\/mimplayandexplore.com\/en\/wp-json\/wp\/v2\/pages"}],"about":[{"href":"https:\/\/mimplayandexplore.com\/en\/wp-json\/wp\/v2\/types\/page"}],"author":[{"embeddable":true,"href":"https:\/\/mimplayandexplore.com\/en\/wp-json\/wp\/v2\/users\/10"}],"replies":[{"embeddable":true,"href":"https:\/\/mimplayandexplore.com\/en\/wp-json\/wp\/v2\/comments?post=4735"}],"version-history":[{"count":13,"href":"https:\/\/mimplayandexplore.com\/en\/wp-json\/wp\/v2\/pages\/4735\/revisions"}],"predecessor-version":[{"id":6332,"href":"https:\/\/mimplayandexplore.com\/en\/wp-json\/wp\/v2\/pages\/4735\/revisions\/6332"}],"wp:attachment":[{"href":"https:\/\/mimplayandexplore.com\/en\/wp-json\/wp\/v2\/media?parent=4735"}],"wp:term":[{"taxonomy":"category","embeddable":true,"href":"https:\/\/mimplayandexplore.com\/en\/wp-json\/wp\/v2\/categories?post=4735"},{"taxonomy":"post_tag","embeddable":true,"href":"https:\/\/mimplayandexplore.com\/en\/wp-json\/wp\/v2\/tags?post=4735"}],"curies":[{"name":"wp","href":"https:\/\/api.w.org\/{rel}","templated":true}]}}